{"id":4679,"date":"2022-02-16T21:21:45","date_gmt":"2022-02-16T20:21:45","guid":{"rendered":"https:\/\/ilguardaroba.com\/?page_id=4679"},"modified":"2022-02-16T21:31:11","modified_gmt":"2022-02-16T20:31:11","slug":"faq","status":"publish","type":"page","link":"https:\/\/ilguardaroba.com\/index.php\/faq\/","title":{"rendered":"FAQ"},"content":{"rendered":"\t\t<div data-elementor-type=\"wp-page\" data-elementor-id=\"4679\" class=\"elementor elementor-4679\" data-elementor-settings=\"[]\">\n\t\t\t\t\t\t\t<div class=\"elementor-section-wrap\">\n\t\t\t\t\t\t\t<section class=\"elementor-section elementor-top-section elementor-element elementor-element-906e512 elementor-section-full_width elementor-section-height-default elementor-section-height-default\" data-id=\"906e512\" data-element_type=\"section\">\n\t\t\t\t\t\t<div class=\"elementor-container elementor-column-gap-default\">\n\t\t\t\t\t<div class=\"elementor-column elementor-col-100 elementor-top-column elementor-element elementor-element-ded1e27\" data-id=\"ded1e27\" data-element_type=\"column\">\n\t\t\t<div class=\"elementor-widget-wrap elementor-element-populated\">\n\t\t\t\t\t\t\t\t<div class=\"elementor-element elementor-element-176d045 elementor-widget elementor-widget-image\" data-id=\"176d045\" data-element_type=\"widget\" data-widget_type=\"image.default\">\n\t\t\t\t<div class=\"elementor-widget-container\">\n\t\t\t<style>\/*! elementor - v3.5.5 - 03-02-2022 *\/\n.elementor-widget-image{text-align:center}.elementor-widget-image a{display:inline-block}.elementor-widget-image a img[src$=\".svg\"]{width:48px}.elementor-widget-image img{vertical-align:middle;display:inline-block}<\/style>\t\t\t\t\t\t\t\t\t\t\t\t<img loading=\"lazy\" decoding=\"async\" width=\"1024\" height=\"798\" src=\"https:\/\/ilguardaroba.com\/wp-content\/uploads\/2022\/02\/AFS_9074-1024x798.jpg\" class=\"attachment-large size-large\" alt=\"\" srcset=\"https:\/\/ilguardaroba.com\/wp-content\/uploads\/2022\/02\/AFS_9074-1024x798.jpg 1024w, https:\/\/ilguardaroba.com\/wp-content\/uploads\/2022\/02\/AFS_9074-300x234.jpg 300w, https:\/\/ilguardaroba.com\/wp-content\/uploads\/2022\/02\/AFS_9074-768x598.jpg 768w, https:\/\/ilguardaroba.com\/wp-content\/uploads\/2022\/02\/AFS_9074-1536x1197.jpg 1536w, https:\/\/ilguardaroba.com\/wp-content\/uploads\/2022\/02\/AFS_9074-2048x1596.jpg 2048w, https:\/\/ilguardaroba.com\/wp-content\/uploads\/2022\/02\/AFS_9074-1x1.jpg 1w, https:\/\/ilguardaroba.com\/wp-content\/uploads\/2022\/02\/AFS_9074-10x8.jpg 10w, https:\/\/ilguardaroba.com\/wp-content\/uploads\/2022\/02\/AFS_9074-600x467.jpg 600w\" sizes=\"auto, (max-width: 1024px) 100vw, 1024px\" \/>\t\t\t\t\t\t\t\t\t\t\t\t\t\t\t<\/div>\n\t\t\t\t<\/div>\n\t\t\t\t\t<\/div>\n\t\t<\/div>\n\t\t\t\t\t\t\t<\/div>\n\t\t<\/section>\n\t\t\t\t<section class=\"elementor-section elementor-top-section elementor-element elementor-element-cec42d5 elementor-section-boxed elementor-section-height-default elementor-section-height-default\" data-id=\"cec42d5\" data-element_type=\"section\">\n\t\t\t\t\t\t<div class=\"elementor-container elementor-column-gap-default\">\n\t\t\t\t\t<div class=\"elementor-column elementor-col-100 elementor-top-column elementor-element elementor-element-bb0d571\" data-id=\"bb0d571\" data-element_type=\"column\">\n\t\t\t<div class=\"elementor-widget-wrap elementor-element-populated\">\n\t\t\t\t\t\t\t\t<div class=\"elementor-element elementor-element-83f4751 elementor-widget elementor-widget-toggle\" data-id=\"83f4751\" data-element_type=\"widget\" data-widget_type=\"toggle.default\">\n\t\t\t\t<div class=\"elementor-widget-container\">\n\t\t\t<style>\/*! elementor - v3.5.5 - 03-02-2022 *\/\n.elementor-toggle{text-align:left}.elementor-toggle .elementor-tab-title{font-weight:700;line-height:1;margin:0;padding:15px;border-bottom:1px solid #d4d4d4;cursor:pointer;outline:none}.elementor-toggle .elementor-tab-title .elementor-toggle-icon{display:inline-block;width:1em}.elementor-toggle .elementor-tab-title .elementor-toggle-icon svg{-webkit-margin-start:-5px;margin-inline-start:-5px;width:1em;height:1em}.elementor-toggle .elementor-tab-title .elementor-toggle-icon.elementor-toggle-icon-right{float:right;text-align:right}.elementor-toggle .elementor-tab-title .elementor-toggle-icon.elementor-toggle-icon-left{float:left;text-align:left}.elementor-toggle .elementor-tab-title .elementor-toggle-icon .elementor-toggle-icon-closed{display:block}.elementor-toggle .elementor-tab-title .elementor-toggle-icon .elementor-toggle-icon-opened{display:none}.elementor-toggle .elementor-tab-title.elementor-active{border-bottom:none}.elementor-toggle .elementor-tab-title.elementor-active .elementor-toggle-icon-closed{display:none}.elementor-toggle .elementor-tab-title.elementor-active .elementor-toggle-icon-opened{display:block}.elementor-toggle .elementor-tab-content{padding:15px;border-bottom:1px solid #d4d4d4;display:none}@media (max-width:767px){.elementor-toggle .elementor-tab-title{padding:12px}.elementor-toggle .elementor-tab-content{padding:12px 10px}}<\/style>\t\t<div class=\"elementor-toggle\" role=\"tablist\">\n\t\t\t\t\t\t\t<div class=\"elementor-toggle-item\">\n\t\t\t\t\t<div id=\"elementor-tab-title-1381\" class=\"elementor-tab-title\" data-tab=\"1\" role=\"tab\" aria-controls=\"elementor-tab-content-1381\" aria-expanded=\"false\">\n\t\t\t\t\t\t\t\t\t\t\t\t<span class=\"elementor-toggle-icon elementor-toggle-icon-left\" aria-hidden=\"true\">\n\t\t\t\t\t\t\t\t\t\t\t\t\t\t\t<span class=\"elementor-toggle-icon-closed\"><i class=\"fas fa-caret-right\"><\/i><\/span>\n\t\t\t\t\t\t\t\t<span class=\"elementor-toggle-icon-opened\"><i class=\"elementor-toggle-icon-opened fas fa-caret-up\"><\/i><\/span>\n\t\t\t\t\t\t\t\t\t\t\t\t\t<\/span>\n\t\t\t\t\t\t\t\t\t\t\t\t<a href=\"\" class=\"elementor-toggle-title\">Spedizione e Tempi<\/a>\n\t\t\t\t\t<\/div>\n\n\t\t\t\t\t<div id=\"elementor-tab-content-1381\" class=\"elementor-tab-content elementor-clearfix\" data-tab=\"1\" role=\"tabpanel\" aria-labelledby=\"elementor-tab-title-1381\"><p>La consegna standard avviene tra 3 e 6 giorni lavorativi, da calcolare dal momento in cui il pacco lascia il nostro magazzino (fine settimana e giorni festivi esclusi): \u2013 3 giorni per il Nord; \u2013 3\/4 giorni per il Centro; \u2013 5\/6 per il Sud e le Isole. Quando il pacco sar\u00e0 spedito dai nostri magazzini, riceverai un\u2019email di conferma spedizione nella quale troverai un link su cui cliccare e seguire la consegna che avviene tra le 9.00 e le 18.00, dal luned\u00ec al venerd\u00ec. \u00c8 possibile che gli orari cambino a seconda della zona. Ti consigliamo di controllare il link per essere aggiornato in tempo reale su ogni possibile variazione. Accedi alla sezione \u201cI miei ordini\u201d per controllare la tua spedizione. Non \u00e8 possibile modificare la modalit\u00e0 di consegna per Italia.<\/p><p>Spediamo anche fuori Italia. Il costo della spedizione in questo caso \u00e9 a vostro carico ad un costo di euro 10,00.<\/p><p>L\u2019ordine viene elaborato entro massimo 10 giorni dalla ricezione del pagamento.<\/p><\/div>\n\t\t\t\t<\/div>\n\t\t\t\t\t\t\t<div class=\"elementor-toggle-item\">\n\t\t\t\t\t<div id=\"elementor-tab-title-1382\" class=\"elementor-tab-title\" data-tab=\"2\" role=\"tab\" aria-controls=\"elementor-tab-content-1382\" aria-expanded=\"false\">\n\t\t\t\t\t\t\t\t\t\t\t\t<span class=\"elementor-toggle-icon elementor-toggle-icon-left\" aria-hidden=\"true\">\n\t\t\t\t\t\t\t\t\t\t\t\t\t\t\t<span class=\"elementor-toggle-icon-closed\"><i class=\"fas fa-caret-right\"><\/i><\/span>\n\t\t\t\t\t\t\t\t<span class=\"elementor-toggle-icon-opened\"><i class=\"elementor-toggle-icon-opened fas fa-caret-up\"><\/i><\/span>\n\t\t\t\t\t\t\t\t\t\t\t\t\t<\/span>\n\t\t\t\t\t\t\t\t\t\t\t\t<a href=\"\" class=\"elementor-toggle-title\">Pagamenti e Sicurezza<\/a>\n\t\t\t\t\t<\/div>\n\n\t\t\t\t\t<div id=\"elementor-tab-content-1382\" class=\"elementor-tab-content elementor-clearfix\" data-tab=\"2\" role=\"tabpanel\" aria-labelledby=\"elementor-tab-title-1382\"><p>Carta di credito Puoi utilizzare la tua carta di credito Mastercard, Visa, Postepay e American Express e tutte le principali carte di credito e prepagate. Al momento del pagamento potresti essere indirizzato alla pagina della tua banca per l\u2019elaborazione del pagamento. PayPal Una volta alla fase \u201cPagamento\u201d clicca su Paypal. Se hai gi\u00e0 un conto PayPal, identificati con la tua e-mail e password e conferma il pagamento. L\u2019ammontare verr\u00e0 addebitato immediatamente alla conferma del pagamento.<\/p><p>Il nostro sito utilizza il protocollo SSL (Secure Sockets Layer) per proteggere i tuoi dati sensibili come la password e numero di carta di credito. Grazie a questo protocollo le informazioni vengono criptate e protette da qualsiasi tipo di attacco. Durante le fasi in cui vengono trasmessi dati sensibili, il login oppure il pagamento, apparir\u00e0 un lucchetto o un simbolo analogo in un punto del browser, che indica che i dati sono trasmessi attraverso protocollo sicuro. Se non trovi il simbolo, controlla la documentazione del tuo browser.<\/p><\/div>\n\t\t\t\t<\/div>\n\t\t\t\t\t\t\t<div class=\"elementor-toggle-item\">\n\t\t\t\t\t<div id=\"elementor-tab-title-1383\" class=\"elementor-tab-title\" data-tab=\"3\" role=\"tab\" aria-controls=\"elementor-tab-content-1383\" aria-expanded=\"false\">\n\t\t\t\t\t\t\t\t\t\t\t\t<span class=\"elementor-toggle-icon elementor-toggle-icon-left\" aria-hidden=\"true\">\n\t\t\t\t\t\t\t\t\t\t\t\t\t\t\t<span class=\"elementor-toggle-icon-closed\"><i class=\"fas fa-caret-right\"><\/i><\/span>\n\t\t\t\t\t\t\t\t<span class=\"elementor-toggle-icon-opened\"><i class=\"elementor-toggle-icon-opened fas fa-caret-up\"><\/i><\/span>\n\t\t\t\t\t\t\t\t\t\t\t\t\t<\/span>\n\t\t\t\t\t\t\t\t\t\t\t\t<a href=\"\" class=\"elementor-toggle-title\">Ordini e Resi<\/a>\n\t\t\t\t\t<\/div>\n\n\t\t\t\t\t<div id=\"elementor-tab-content-1383\" class=\"elementor-tab-content elementor-clearfix\" data-tab=\"3\" role=\"tabpanel\" aria-labelledby=\"elementor-tab-title-1383\"><p>Hai 14 giorni di tempo per restituire il tuo ordine gratuitamente! Il rimborso avverr\u00e0 entro 10 giorni lavorativi dal momento della consegna del reso al corriere. Contattaci tramite la sezione Contatti per richiedere il reso<\/p><p>Cancellare un articolo o un ordine Hai ordinato un articolo sbagliato oppure hai cambiato idea? Non preoccuparti! Potrai cancellare l\u2019ordine oppure eliminare uno o pi\u00f9 articoli. Accedi al tuo account clicca su \u201cI miei ordini\u201d e seleziona quello che vuoi annullare.<\/p><\/div>\n\t\t\t\t<\/div>\n\t\t\t\t\t\t\t\t\t\t<script type=\"application\/ld+json\">{\"@context\":\"https:\\\/\\\/schema.org\",\"@type\":\"FAQPage\",\"mainEntity\":[{\"@type\":\"Question\",\"name\":\"Spedizione e Tempi\",\"acceptedAnswer\":{\"@type\":\"Answer\",\"text\":\"<p>La consegna standard avviene tra 3 e 6 giorni lavorativi, da calcolare dal momento in cui il pacco lascia il nostro magazzino (fine settimana e giorni festivi esclusi): \\u2013 3 giorni per il Nord; \\u2013 3\\\/4 giorni per il Centro; \\u2013 5\\\/6 per il Sud e le Isole. Quando il pacco sar\\u00e0 spedito dai nostri magazzini, riceverai un\\u2019email di conferma spedizione nella quale troverai un link su cui cliccare e seguire la consegna che avviene tra le 9.00 e le 18.00, dal luned\\u00ec al venerd\\u00ec. \\u00c8 possibile che gli orari cambino a seconda della zona. Ti consigliamo di controllare il link per essere aggiornato in tempo reale su ogni possibile variazione. Accedi alla sezione \\u201cI miei ordini\\u201d per controllare la tua spedizione. Non \\u00e8 possibile modificare la modalit\\u00e0 di consegna per Italia.<\\\/p><p>Spediamo anche fuori Italia. Il costo della spedizione in questo caso \\u00e9 a vostro carico ad un costo di euro 10,00.<\\\/p><p>L\\u2019ordine viene elaborato entro massimo 10 giorni dalla ricezione del pagamento.<\\\/p>\"}},{\"@type\":\"Question\",\"name\":\"Pagamenti e Sicurezza\",\"acceptedAnswer\":{\"@type\":\"Answer\",\"text\":\"<p>Carta di credito Puoi utilizzare la tua carta di credito Mastercard, Visa, Postepay e American Express e tutte le principali carte di credito e prepagate. Al momento del pagamento potresti essere indirizzato alla pagina della tua banca per l\\u2019elaborazione del pagamento. PayPal Una volta alla fase \\u201cPagamento\\u201d clicca su Paypal. Se hai gi\\u00e0 un conto PayPal, identificati con la tua e-mail e password e conferma il pagamento. L\\u2019ammontare verr\\u00e0 addebitato immediatamente alla conferma del pagamento.<\\\/p><p>Il nostro sito utilizza il protocollo SSL (Secure Sockets Layer) per proteggere i tuoi dati sensibili come la password e numero di carta di credito. Grazie a questo protocollo le informazioni vengono criptate e protette da qualsiasi tipo di attacco. Durante le fasi in cui vengono trasmessi dati sensibili, il login oppure il pagamento, apparir\\u00e0 un lucchetto o un simbolo analogo in un punto del browser, che indica che i dati sono trasmessi attraverso protocollo sicuro. Se non trovi il simbolo, controlla la documentazione del tuo browser.<\\\/p>\"}},{\"@type\":\"Question\",\"name\":\"Ordini e Resi\",\"acceptedAnswer\":{\"@type\":\"Answer\",\"text\":\"<p>Hai 14 giorni di tempo per restituire il tuo ordine gratuitamente! Il rimborso avverr\\u00e0 entro 10 giorni lavorativi dal momento della consegna del reso al corriere. Contattaci tramite la sezione Contatti per richiedere il reso<\\\/p><p>Cancellare un articolo o un ordine Hai ordinato un articolo sbagliato oppure hai cambiato idea? Non preoccuparti! Potrai cancellare l\\u2019ordine oppure eliminare uno o pi\\u00f9 articoli. Accedi al tuo account clicca su \\u201cI miei ordini\\u201d e seleziona quello che vuoi annullare.<\\\/p>\"}}]}<\/script>\n\t\t\t\t\t<\/div>\n\t\t\t\t<\/div>\n\t\t\t\t<\/div>\n\t\t\t\t\t<\/div>\n\t\t<\/div>\n\t\t\t\t\t\t\t<\/div>\n\t\t<\/section>\n\t\t\t\t\t\t<\/div>\n\t\t\t\t\t<\/div>\n\t\t","protected":false},"excerpt":{"rendered":"<p>Spedizione e Tempi La consegna standard avviene tra 3 e 6 giorni lavorativi, da calcolare&#8230;<\/p>\n","protected":false},"author":1,"featured_media":0,"parent":0,"menu_order":0,"comment_status":"closed","ping_status":"closed","template":"","meta":{"footnotes":""},"class_list":["post-4679","page","type-page","status-publish","hentry"],"_links":{"self":[{"href":"https:\/\/ilguardaroba.com\/index.php\/wp-json\/wp\/v2\/pages\/4679","targetHints":{"allow":["GET"]}}],"collection":[{"href":"https:\/\/ilguardaroba.com\/index.php\/wp-json\/wp\/v2\/pages"}],"about":[{"href":"https:\/\/ilguardaroba.com\/index.php\/wp-json\/wp\/v2\/types\/page"}],"author":[{"embeddable":true,"href":"https:\/\/ilguardaroba.com\/index.php\/wp-json\/wp\/v2\/users\/1"}],"replies":[{"embeddable":true,"href":"https:\/\/ilguardaroba.com\/index.php\/wp-json\/wp\/v2\/comments?post=4679"}],"version-history":[{"count":13,"href":"https:\/\/ilguardaroba.com\/index.php\/wp-json\/wp\/v2\/pages\/4679\/revisions"}],"predecessor-version":[{"id":4694,"href":"https:\/\/ilguardaroba.com\/index.php\/wp-json\/wp\/v2\/pages\/4679\/revisions\/4694"}],"wp:attachment":[{"href":"https:\/\/ilguardaroba.com\/index.php\/wp-json\/wp\/v2\/media?parent=4679"}],"curies":[{"name":"wp","href":"https:\/\/api.w.org\/{rel}","templated":true}]}}