{"id":26,"date":"2021-10-12T07:05:08","date_gmt":"2021-10-12T05:05:08","guid":{"rendered":"https:\/\/xstore.8theme.com\/elementor\/demos\/minimal-fashion02\/?page_id=26"},"modified":"2022-04-22T19:06:17","modified_gmt":"2022-04-22T17:06:17","slug":"chi-siamo","status":"publish","type":"page","link":"https:\/\/ilguardaroba.com\/index.php\/chi-siamo\/","title":{"rendered":"CHI SIAMO"},"content":{"rendered":"\t\t<div data-elementor-type=\"wp-page\" data-elementor-id=\"26\" class=\"elementor elementor-26\" data-elementor-settings=\"[]\">\n\t\t\t\t\t\t\t<div class=\"elementor-section-wrap\">\n\t\t\t\t\t\t\t<section class=\"elementor-section elementor-top-section elementor-element elementor-element-d4ce856 elementor-section-content-middle elementor-section-boxed elementor-section-height-default elementor-section-height-default\" data-id=\"d4ce856\" data-element_type=\"section\">\n\t\t\t\t\t\t<div class=\"elementor-container elementor-column-gap-no\">\n\t\t\t\t\t<div class=\"elementor-column elementor-col-33 elementor-top-column elementor-element elementor-element-10918ca\" data-id=\"10918ca\" data-element_type=\"column\">\n\t\t\t<div class=\"elementor-widget-wrap elementor-element-populated\">\n\t\t\t\t\t\t\t\t<div class=\"elementor-element elementor-element-d2a8d95 etheme-parallax-scroll_effects elementor-widget elementor-widget-image\" data-id=\"d2a8d95\" data-element_type=\"widget\" data-settings=\"{&quot;etheme_parallax&quot;:&quot;yes&quot;,&quot;etheme_parallax_scroll_x&quot;:&quot;0&quot;,&quot;etheme_parallax_scroll_y&quot;:&quot;50&quot;,&quot;etheme_parallax_type&quot;:&quot;scroll_effects&quot;,&quot;etheme_parallax_scroll_scale&quot;:{&quot;unit&quot;:&quot;px&quot;,&quot;size&quot;:1,&quot;sizes&quot;:[]},&quot;etheme_parallax_scroll_z&quot;:0,&quot;etheme_parallax_scroll_rotate&quot;:{&quot;unit&quot;:&quot;px&quot;,&quot;size&quot;:0,&quot;sizes&quot;:[]},&quot;etheme_parallax_scroll_perspective&quot;:{&quot;unit&quot;:&quot;px&quot;,&quot;size&quot;:800,&quot;sizes&quot;:[]},&quot;etheme_parallax_scroll_smoothness&quot;:{&quot;unit&quot;:&quot;px&quot;,&quot;size&quot;:30,&quot;sizes&quot;:[]}}\" data-widget_type=\"image.default\">\n\t\t\t\t<div class=\"elementor-widget-container\">\n\t\t\t<style>\/*! elementor - v3.5.5 - 03-02-2022 *\/\n.elementor-widget-image{text-align:center}.elementor-widget-image a{display:inline-block}.elementor-widget-image a img[src$=\".svg\"]{width:48px}.elementor-widget-image img{vertical-align:middle;display:inline-block}<\/style>\t\t\t\t\t\t\t\t\t\t\t\t<img loading=\"lazy\" decoding=\"async\" width=\"1244\" height=\"700\" src=\"https:\/\/ilguardaroba.com\/wp-content\/uploads\/2022\/02\/la_nostra_storia1-1244x700-1.jpg\" class=\"attachment-full size-full\" alt=\"\" srcset=\"https:\/\/ilguardaroba.com\/wp-content\/uploads\/2022\/02\/la_nostra_storia1-1244x700-1.jpg 1244w, https:\/\/ilguardaroba.com\/wp-content\/uploads\/2022\/02\/la_nostra_storia1-1244x700-1-300x169.jpg 300w, https:\/\/ilguardaroba.com\/wp-content\/uploads\/2022\/02\/la_nostra_storia1-1244x700-1-1024x576.jpg 1024w, https:\/\/ilguardaroba.com\/wp-content\/uploads\/2022\/02\/la_nostra_storia1-1244x700-1-768x432.jpg 768w, https:\/\/ilguardaroba.com\/wp-content\/uploads\/2022\/02\/la_nostra_storia1-1244x700-1-1x1.jpg 1w, https:\/\/ilguardaroba.com\/wp-content\/uploads\/2022\/02\/la_nostra_storia1-1244x700-1-10x6.jpg 10w, https:\/\/ilguardaroba.com\/wp-content\/uploads\/2022\/02\/la_nostra_storia1-1244x700-1-600x338.jpg 600w\" sizes=\"auto, (max-width: 1244px) 100vw, 1244px\" \/>\t\t\t\t\t\t\t\t\t\t\t\t\t\t\t<\/div>\n\t\t\t\t<\/div>\n\t\t\t\t\t<\/div>\n\t\t<\/div>\n\t\t\t\t<div class=\"elementor-column elementor-col-33 elementor-top-column elementor-element elementor-element-cfa8881\" data-id=\"cfa8881\" data-element_type=\"column\">\n\t\t\t<div class=\"elementor-widget-wrap elementor-element-populated\">\n\t\t\t\t\t\t\t\t<div class=\"elementor-element elementor-element-8c664e1 etheme-parallax-scroll_effects elementor-widget elementor-widget-image\" data-id=\"8c664e1\" data-element_type=\"widget\" data-settings=\"{&quot;etheme_parallax&quot;:&quot;yes&quot;,&quot;etheme_parallax_scroll_y&quot;:-80,&quot;etheme_parallax_type&quot;:&quot;scroll_effects&quot;,&quot;etheme_parallax_scroll_scale&quot;:{&quot;unit&quot;:&quot;px&quot;,&quot;size&quot;:1,&quot;sizes&quot;:[]},&quot;etheme_parallax_scroll_x&quot;:0,&quot;etheme_parallax_scroll_z&quot;:0,&quot;etheme_parallax_scroll_rotate&quot;:{&quot;unit&quot;:&quot;px&quot;,&quot;size&quot;:0,&quot;sizes&quot;:[]},&quot;etheme_parallax_scroll_perspective&quot;:{&quot;unit&quot;:&quot;px&quot;,&quot;size&quot;:800,&quot;sizes&quot;:[]},&quot;etheme_parallax_scroll_smoothness&quot;:{&quot;unit&quot;:&quot;px&quot;,&quot;size&quot;:30,&quot;sizes&quot;:[]}}\" data-widget_type=\"image.default\">\n\t\t\t\t<div class=\"elementor-widget-container\">\n\t\t\t\t\t\t\t\t\t\t\t\t\t\t\t<img loading=\"lazy\" decoding=\"async\" width=\"525\" height=\"700\" src=\"https:\/\/ilguardaroba.com\/wp-content\/uploads\/2022\/02\/Slider1_about-525x700-1.jpg\" class=\"attachment-full size-full\" alt=\"\" srcset=\"https:\/\/ilguardaroba.com\/wp-content\/uploads\/2022\/02\/Slider1_about-525x700-1.jpg 525w, https:\/\/ilguardaroba.com\/wp-content\/uploads\/2022\/02\/Slider1_about-525x700-1-225x300.jpg 225w, https:\/\/ilguardaroba.com\/wp-content\/uploads\/2022\/02\/Slider1_about-525x700-1-1x1.jpg 1w, https:\/\/ilguardaroba.com\/wp-content\/uploads\/2022\/02\/Slider1_about-525x700-1-8x10.jpg 8w\" sizes=\"auto, (max-width: 525px) 100vw, 525px\" \/>\t\t\t\t\t\t\t\t\t\t\t\t\t\t\t<\/div>\n\t\t\t\t<\/div>\n\t\t\t\t\t<\/div>\n\t\t<\/div>\n\t\t\t\t<div class=\"elementor-column elementor-col-33 elementor-top-column elementor-element elementor-element-f35f585\" data-id=\"f35f585\" data-element_type=\"column\">\n\t\t\t<div class=\"elementor-widget-wrap elementor-element-populated\">\n\t\t\t\t\t\t\t\t<div class=\"elementor-element elementor-element-868fd17 elementor-widget elementor-widget-etheme_animated_headline\" data-id=\"868fd17\" data-element_type=\"widget\" data-settings=\"{&quot;shape&quot;:&quot;underline&quot;,&quot;text_style&quot;:&quot;highlight&quot;,&quot;loop&quot;:&quot;yes&quot;,&quot;duration&quot;:{&quot;unit&quot;:&quot;px&quot;,&quot;size&quot;:&quot;&quot;,&quot;sizes&quot;:[]}}\" data-widget_type=\"etheme_animated_headline.default\">\n\t\t\t\t<div class=\"elementor-widget-container\">\n\t\t\t        \r\n        <div class=\"etheme-headline-wrapper\">\r\n            <h2 class=\"etheme-headline\" data-style=\"highlight\">\r\n\t\t                                <span class=\"etheme-headline-text-before\">\r\n\t                        Vendita abbigliamento                        <\/span>\r\n                                    <span class=\"etheme-headline-text-wrapper\">\r\n                \r\n\t\t         donna<svg xmlns=\"http:\/\/www.w3.org\/2000\/svg\" viewBox=\"0 0 500 150\" preserveAspectRatio=\"none\"><path d=\"M3.5 145.883C147.207 138.384 327.838 123.383 493.5 145.883\"><\/path><\/svg>                \r\n                <\/span>\r\n                            <\/h2>\r\n        <\/div>\r\n        \r\n\t\t\t\t<\/div>\n\t\t\t\t<\/div>\n\t\t\t\t<div class=\"elementor-element elementor-element-e1c0f7b elementor-widget elementor-widget-text-editor\" data-id=\"e1c0f7b\" data-element_type=\"widget\" data-widget_type=\"text-editor.default\">\n\t\t\t\t<div class=\"elementor-widget-container\">\n\t\t\t<style>\/*! elementor - v3.5.5 - 03-02-2022 *\/\n.elementor-widget-text-editor.elementor-drop-cap-view-stacked .elementor-drop-cap{background-color:#818a91;color:#fff}.elementor-widget-text-editor.elementor-drop-cap-view-framed .elementor-drop-cap{color:#818a91;border:3px solid;background-color:transparent}.elementor-widget-text-editor:not(.elementor-drop-cap-view-default) .elementor-drop-cap{margin-top:8px}.elementor-widget-text-editor:not(.elementor-drop-cap-view-default) .elementor-drop-cap-letter{width:1em;height:1em}.elementor-widget-text-editor .elementor-drop-cap{float:left;text-align:center;line-height:1;font-size:50px}.elementor-widget-text-editor .elementor-drop-cap-letter{display:inline-block}<\/style>\t\t\t\t<p>Siamo Giulia e Marco e rappresentiamo una piccola azienda che si occupa di produzione e commercio al dettaglio di capi di abbigliamento da donna.<\/p><p>Il nostro Brand nasce dal sogno di dare vita ad una\u00a0<strong>linea creata artigianalmente<\/strong>\u00a0dal disegno al prodotto finito partendo da\u00a0<strong>tessuti naturali e pregiati<\/strong>. La nostra maniera di fare sartoria si concretizza nella costante ricerca di\u00a0<strong>materie prime di altissima qualit\u00e0<\/strong>\u00a0e in un\u00a0<strong>lavoro sartoriale perfettamente rifinito e curato in ogni piccolo dettaglio<\/strong>. Ci sentiamo, infatti, fortemente legati alla filiera produttiva del nostro paese e crediamo nel vero\u00a0<strong>Made in Itlay<\/strong>. Ogni nostro capo, inoltre, viene\u00a0<strong>prodotto in serie limitata<\/strong>, con l\u2019intento di far sentire \u201cunica\u201d la donna che lo indossa.<\/p><p>E\u2019 bello vedere come i nostri capi siano apprezzati da donne di generazioni diverse: grande soddisfazione, infatti, arriva proprio dai complimenti delle signore che, dopo aver visionato con cura i nostri capi, riescono a cogliere la differenza tra il\u00a0<strong>prodotto realizzato \u201ccome una volta\u201d\u00a0<\/strong>da Il Guardaroba e uno proveniente dal \u201cfast-fashion\u201d, riuscendo poi a trasmettere alle figlie il concetto del\u00a0<strong>vero capo italiano<\/strong>.<\/p><p>Oltre al lavoro sartoriale svolto dietro le quinte, la sfida pi\u00f9 grande per noi \u00e8 riuscire a far emergere in ogni donna la propria personalit\u00e0 con stile, gusto e carattere!!<\/p>\t\t\t\t\t\t<\/div>\n\t\t\t\t<\/div>\n\t\t\t\t\t<\/div>\n\t\t<\/div>\n\t\t\t\t\t\t\t<\/div>\n\t\t<\/section>\n\t\t\t\t<section class=\"elementor-section elementor-top-section elementor-element elementor-element-316c6be elementor-section-boxed elementor-section-height-default elementor-section-height-default\" data-id=\"316c6be\" data-element_type=\"section\">\n\t\t\t\t\t\t<div class=\"elementor-container elementor-column-gap-no\">\n\t\t\t\t\t<div class=\"elementor-column elementor-col-100 elementor-top-column elementor-element elementor-element-86b5352\" data-id=\"86b5352\" data-element_type=\"column\">\n\t\t\t<div class=\"elementor-widget-wrap elementor-element-populated\">\n\t\t\t\t\t\t\t\t<div class=\"elementor-element elementor-element-eb7579a elementor-widget elementor-widget-heading\" data-id=\"eb7579a\" data-element_type=\"widget\" data-widget_type=\"heading.default\">\n\t\t\t\t<div class=\"elementor-widget-container\">\n\t\t\t<style>\/*! elementor - v3.5.5 - 03-02-2022 *\/\n.elementor-heading-title{padding:0;margin:0;line-height:1}.elementor-widget-heading .elementor-heading-title[class*=elementor-size-]>a{color:inherit;font-size:inherit;line-height:inherit}.elementor-widget-heading .elementor-heading-title.elementor-size-small{font-size:15px}.elementor-widget-heading .elementor-heading-title.elementor-size-medium{font-size:19px}.elementor-widget-heading .elementor-heading-title.elementor-size-large{font-size:29px}.elementor-widget-heading .elementor-heading-title.elementor-size-xl{font-size:39px}.elementor-widget-heading .elementor-heading-title.elementor-size-xxl{font-size:59px}<\/style><h2 class=\"elementor-heading-title elementor-size-default\">LA NOSTRA STORIA<\/h2>\t\t<\/div>\n\t\t\t\t<\/div>\n\t\t\t\t<div class=\"elementor-element elementor-element-685df36 elementor-widget elementor-widget-text-editor\" data-id=\"685df36\" data-element_type=\"widget\" data-widget_type=\"text-editor.default\">\n\t\t\t\t<div class=\"elementor-widget-container\">\n\t\t\t\t\t\t\t<p>La nostra azienda nasce nel 2017 a Bassano Del Grappa e da subito si occupa di\u00a0<strong>vendita al dettaglio di abbigliamento donna nei mercati e nelle fiere<\/strong>. La scelta di proporre\u00a0<strong>capi made in Italy di fascia medio alta<\/strong>\u00a0ha dato fin da subito buoni risultati permettendoci di ampliare la nostra rete di vendita. Durante il primo anno di attivit\u00e0 il lavoro si basava principalmente sull\u2019acquisto e la rivendita di fine serie provenienti da negozi e magazzini italiani.<br \/>Successivamente, grazie all\u2019aiuto in termini organizzativi di una sartoria locale, ci siamo dedicati anche alla produzione di una nostra linea caratterizzata dalla rivisitazione di modelli della classica\u00a0<strong>sartoria italiana<\/strong>\u00a0impreziositi dall\u2019utilizzo di\u00a0<strong>tessuti pregiati e da una meticolosa cura nei dettagli<\/strong>.<br \/>Il grande apprezzamento di questa novit\u00e0 da parte dei clienti ci ha spinto a continuare su questa strada affacciandoci anche al mercato on-line con il negozio di e-commerce.<br \/><strong>Ad oggi il nostro pensiero va alle nostre Care Clienti che ogni giorno ci seguono nelle piazze dei mercati di Veneto e Trentino Alto Adige che con il loro sostegno ci hanno portato fin qui.<\/strong><\/p><p><strong>GRAZIE!!<\/strong><\/p>\t\t\t\t\t\t<\/div>\n\t\t\t\t<\/div>\n\t\t\t\t\t<\/div>\n\t\t<\/div>\n\t\t\t\t\t\t\t<\/div>\n\t\t<\/section>\n\t\t\t\t\t\t<\/div>\n\t\t\t\t\t<\/div>\n\t\t","protected":false},"excerpt":{"rendered":"<p>Vendita abbigliamento donna Siamo Giulia e Marco e rappresentiamo una piccola azienda che si occupa&#8230;<\/p>\n","protected":false},"author":1,"featured_media":0,"parent":0,"menu_order":0,"comment_status":"closed","ping_status":"closed","template":"","meta":{"footnotes":""},"class_list":["post-26","page","type-page","status-publish","hentry"],"_links":{"self":[{"href":"https:\/\/ilguardaroba.com\/index.php\/wp-json\/wp\/v2\/pages\/26","targetHints":{"allow":["GET"]}}],"collection":[{"href":"https:\/\/ilguardaroba.com\/index.php\/wp-json\/wp\/v2\/pages"}],"about":[{"href":"https:\/\/ilguardaroba.com\/index.php\/wp-json\/wp\/v2\/types\/page"}],"author":[{"embeddable":true,"href":"https:\/\/ilguardaroba.com\/index.php\/wp-json\/wp\/v2\/users\/1"}],"replies":[{"embeddable":true,"href":"https:\/\/ilguardaroba.com\/index.php\/wp-json\/wp\/v2\/comments?post=26"}],"version-history":[{"count":11,"href":"https:\/\/ilguardaroba.com\/index.php\/wp-json\/wp\/v2\/pages\/26\/revisions"}],"predecessor-version":[{"id":5154,"href":"https:\/\/ilguardaroba.com\/index.php\/wp-json\/wp\/v2\/pages\/26\/revisions\/5154"}],"wp:attachment":[{"href":"https:\/\/ilguardaroba.com\/index.php\/wp-json\/wp\/v2\/media?parent=26"}],"curies":[{"name":"wp","href":"https:\/\/api.w.org\/{rel}","templated":true}]}}